{"id":51837,"date":"2021-03-02T22:14:22","date_gmt":"2021-03-02T22:14:22","guid":{"rendered":"http:\/\/gstanzlhermann.de\/?page_id=51837"},"modified":"2021-05-06T08:07:18","modified_gmt":"2021-05-06T08:07:18","slug":"51837-2","status":"publish","type":"page","link":"https:\/\/gstanzlhermann.de\/index.php\/51837-2\/","title":{"rendered":"Wissenswertes"},"content":{"rendered":"<p>[et_pb_section fb_built=&#8221;1&#8243; admin_label=&#8221;FAQ Section&#8221; _builder_version=&#8221;3.22&#8243; custom_padding=&#8221;90px||90px|&#8221;][et_pb_row _builder_version=&#8221;4.9.0&#8243; _module_preset=&#8221;default&#8221;][et_pb_column type=&#8221;4_4&#8243; _builder_version=&#8221;4.9.0&#8243; _module_preset=&#8221;default&#8221;][et_pb_text _builder_version=&#8221;4.9.0&#8243; _module_preset=&#8221;default&#8221; header_2_font=&#8221;|700|||||||&#8221; header_2_text_color=&#8221;#3697D5&#8243; header_2_font_size=&#8221;45px&#8221; hover_enabled=&#8221;0&#8243; header_2_font_size_last_edited=&#8221;on|phone&#8221; header_2_font_size_phone=&#8221;32px&#8221; sticky_enabled=&#8221;0&#8243;]<\/p>\n<h2 style=\"text-align: center;\">Gstanzl und mehr<\/h2>\n<p>[\/et_pb_text][\/et_pb_column][\/et_pb_row][et_pb_row admin_label=&#8221;FAQ&#8221; _builder_version=&#8221;3.25&#8243; max_width=&#8221;900px&#8221; use_custom_width=&#8221;on&#8221; custom_width_px=&#8221;900px&#8221;][et_pb_column type=&#8221;4_4&#8243; _builder_version=&#8221;3.25&#8243; custom_padding=&#8221;|||&#8221; custom_padding__hover=&#8221;|||&#8221;][et_pb_accordion open_toggle_background_color=&#8221;rgba(0,0,0,0.03)&#8221; closed_toggle_background_color=&#8221;rgba(0,0,0,0)&#8221; icon_color=&#8221;#28a8da&#8221; _builder_version=&#8221;4.9.0&#8243; toggle_text_color=&#8221;#333333&#8243; toggle_font=&#8221;Montserrat||||||||&#8221; toggle_line_height=&#8221;1.5em&#8221; body_font=&#8221;||||||||&#8221; body_font_size=&#8221;16px&#8221; body_line_height=&#8221;1.8em&#8221; hover_enabled=&#8221;0&#8243; border_style_all=&#8221;none&#8221; sticky_enabled=&#8221;0&#8243;][et_pb_accordion_item title=&#8221;Was sind Gstanzl?&#8221; _builder_version=&#8221;3.0.89&#8243; open=&#8221;off&#8221;]<\/p>\n<p>Das Gstanzl, Schnaderh\u00fcpfl oder einfach auch Gsangl, wie es in Niederbayern und der Oberpfalz genannt wird, ist eine im gesamten bayrischen Sprachraum \u00fcberlieferte Liedergattung, die lustige aber auch ernste Ereignisse beschreiben kann.<\/p>\n<p>Beim Gstanzl wird ein meist lustiger, witziger oft hintersinniger Text in vier sich reimenden Verszeilen in einer bestimmten Melodie vorgesungen. Ein Gstanzl entsteht entweder im Stehgreif oder ist vorbereitet und wird dann aus dem Ged\u00e4chtnis vorgetragen.<\/p>\n<p>Es werden dabei aktuelle und politische Ereignisse auf die Schippe genommen ebenso wie pers\u00f6nliche Anekdoden des Publikums. Letztendlich sollte aber der Ausgesungene selber noch herzlich dar\u00fcber lachen k\u00f6nnen.<\/p>\n<p>[\/et_pb_accordion_item][et_pb_accordion_item title=&#8221;Roider Jackl&#8221; open=&#8221;on&#8221; _builder_version=&#8221;4.9.0&#8243; hover_enabled=&#8221;0&#8243; body_text_color_last_edited=&#8221;on|phone&#8221; body_font_size=&#8221;14px&#8221; sticky_enabled=&#8221;0&#8243;]<\/p>\n<p><span style=\"left: 98.1028px; top: 995.624px; font-size: 19.0491px; font-family: sans-serif; transform: scaleX(0.997892);\">Einer der ber\u00fchmtesten Gstanzls\u00e4nger war der Roider Jackl (1906-1975).\u00a0<\/span><span style=\"left: 98.1028px; top: 1019.16px; font-size: 19.0491px; font-family: sans-serif; transform: scaleX(0.999695);\">Haupts\u00e4chlich in den Nachkriegsjahren wurde er durch das Vortragen <span style=\"left: 98.1028px; top: 98.6837px; font-size: 19.0491px; font-family: sans-serif; transform: scaleX(0.998162);\">von Gstanzln \u00fcber politische Ereignisse bekannt. Durch Sendungen im <\/span><span style=\"left: 98.1028px; top: 122.223px; font-size: 19.0491px; font-family: sans-serif; transform: scaleX(0.998084);\">Bayerischen Rundfunk und beim Dablecka beim Salvatoranstich auf <\/span><span style=\"left: 98.1028px; top: 145.898px; font-size: 19.0491px; font-family: sans-serif; transform: scaleX(0.997852);\">dem Nockherberg wurde er ber\u00fchmt.<\/span><\/span><\/p>\n<p style=\"padding-left: 30px;\"><strong>Typische Roider Jackl Gstanzl:<\/strong><\/p>\n<p style=\"padding-left: 30px;\"><strong><\/strong><\/p>\n<p style=\"padding-left: 30px;\"><em>Ja die Welt braucht seine Kasperl<\/em><\/p>\n<p style=\"padding-left: 30px;\"><em>net nur im Theater sondern aa a so<\/em><\/p>\n<p style=\"padding-left: 30px;\"><em>und i bin leider a no selber<\/em><\/p>\n<p style=\"padding-left: 30px;\"><em>a so a kloana davo<\/em><\/p>\n<p style=\"padding-left: 30px;\"><em>Mir Bayern san vo jeher<\/em><\/p>\n<p style=\"padding-left: 30px;\"><em>scho a geistige Ra\u00df<\/em><\/p>\n<p style=\"padding-left: 30px;\"><em>und unsa Verstand werd erst klar<\/em><\/p>\n<p style=\"padding-left: 30px;\"><em>no a vier a f\u00fcnf Ma\u00df<\/em><\/p>\n<p style=\"padding-left: 30px;\"><em>Ja mir sama hoit Bayern<\/em><\/p>\n<p style=\"padding-left: 30px;\"><em>mir sand Leit de gern feiern<\/em><\/p>\n<p style=\"padding-left: 30px;\"><em>und wenns net so anstrengend war<\/em><\/p>\n<p style=\"padding-left: 30px;\"><em>taat man o gern arbatna a<\/em><\/p>\n<p><span style=\"left: 98.1028px; top: 1019.16px; font-size: 19.0491px; font-family: sans-serif; transform: scaleX(0.999695);\"><span style=\"left: 98.1028px; top: 145.898px; font-size: 19.0491px; font-family: sans-serif; transform: scaleX(0.997852);\"><\/span><\/span><\/p>\n<p>&nbsp;<\/p>\n<p>[\/et_pb_accordion_item][et_pb_accordion_item title=&#8221;Schnaderh\u00fcpflbuch&#8221; _builder_version=&#8221;3.0.89&#8243; open=&#8221;off&#8221;]<\/p>\n<p><span style=\"left: 98.1028px; top: 180.323px; font-size: 19.0491px; font-family: sans-serif; transform: scaleX(0.998018);\">Ein B\u00fcchlein mit \u00e4lteren allgemeinen Gstanzln.<\/span><\/p>\n<p>[\/et_pb_accordion_item][\/et_pb_accordion][\/et_pb_column][\/et_pb_row][\/et_pb_section][et_pb_section fb_built=&#8221;1&#8243; admin_label=&#8221;Feature Section&#8221; _builder_version=&#8221;3.22&#8243; custom_padding=&#8221;0px||0px|&#8221;][et_pb_row column_structure=&#8221;1_2,1_2&#8243; use_custom_gutter=&#8221;on&#8221; gutter_width=&#8221;1&#8243; make_equal=&#8221;on&#8221; admin_label=&#8221;Feature Area&#8221; module_class=&#8221; et_pb_row_fullwidth&#8221; _builder_version=&#8221;4.9.0&#8243; width=&#8221;100%&#8221; width_tablet=&#8221;100%&#8221; width_phone=&#8221;&#8221; width_last_edited=&#8221;on|desktop&#8221; max_width=&#8221;100%&#8221; max_width_tablet=&#8221;100%&#8221; max_width_phone=&#8221;&#8221; max_width_last_edited=&#8221;on|desktop&#8221; custom_padding=&#8221;0px||0px|&#8221; make_fullwidth=&#8221;on&#8221;][et_pb_column type=&#8221;1_2&#8243; _builder_version=&#8221;4.9.0&#8243; use_background_color_gradient=&#8221;on&#8221; background_color_gradient_start=&#8221;rgba(43,135,218,0)&#8221; background_color_gradient_end=&#8221;#28a8da&#8221; background_color_gradient_direction=&#8221;105deg&#8221; background_color_gradient_start_position=&#8221;80%&#8221; background_color_gradient_end_position=&#8221;80%&#8221; background_color_gradient_overlays_image=&#8221;on&#8221; background_image=&#8221;https:\/\/gstanzlhermann.de\/wp-content\/uploads\/2021\/03\/wissenswertes.png&#8221; custom_padding=&#8221;|||&#8221; custom_padding__hover=&#8221;|||&#8221;][\/et_pb_column][et_pb_column type=&#8221;1_2&#8243; _builder_version=&#8221;4.9.0&#8243; background_color=&#8221;#28a8da&#8221; custom_padding=&#8221;170px|12%|170px|5%&#8221; custom_padding__hover=&#8221;|||&#8221;][et_pb_text admin_label=&#8221;Title&#8221; _builder_version=&#8221;3.27.4&#8243; text_font=&#8221;||||||||&#8221; header_font=&#8221;||||||||&#8221; header_2_font=&#8221;Montserrat|600||on|||||&#8221; header_2_font_size=&#8221;30px&#8221; header_2_line_height=&#8221;1.5em&#8221; background_layout=&#8221;dark&#8221; custom_margin=&#8221;||5px|&#8221; animation_style=&#8221;fold&#8221; animation_direction=&#8221;left&#8221; animation_intensity_fold=&#8221;20%&#8221; animation_starting_opacity=&#8221;1000%&#8221; locked=&#8221;off&#8221;]<\/p>\n<h2>Haben sie noch eine frage?<\/h2>\n<p>[\/et_pb_text][et_pb_divider color=&#8221;#ffffff&#8221; divider_weight=&#8221;3px&#8221; _builder_version=&#8221;3.2&#8243; max_width=&#8221;23px&#8221; custom_padding=&#8221;||20px|&#8221; animation_style=&#8221;fade&#8221; locked=&#8221;off&#8221;][\/et_pb_divider][et_pb_contact_form captcha=&#8221;off&#8221; email=&#8221;hermann.fleischmann@gmx.de&#8221; success_message=&#8221;Herzlichen Dank!&#8221; submit_button_text=&#8221;Senden&#8221; module_id=&#8221;et_pb_contact_form_0&#8243; _builder_version=&#8221;4.9.0&#8243; form_field_background_color=&#8221;#ffffff&#8221; form_field_font=&#8221;Montserrat|300|||||||&#8221; form_field_font_size=&#8221;16px&#8221; custom_button=&#8221;on&#8221; button_text_size=&#8221;16px&#8221; button_text_color=&#8221;#ffffff&#8221; button_bg_color=&#8221;#0095bf&#8221; button_border_width=&#8221;1px&#8221; button_border_color=&#8221;#00457A&#8221; button_border_radius=&#8221;0px&#8221; button_letter_spacing=&#8221;0px&#8221; button_font=&#8221;Montserrat|600||on|||||&#8221; animation_style=&#8221;fade&#8221; border_width_all=&#8221;1px&#8221; border_color_all=&#8221;rgba(0,0,0,0.12)&#8221; form_background_color=&#8221;#ffffff&#8221; locked=&#8221;off&#8221; button_letter_spacing_hover=&#8221;0&#8243;][et_pb_contact_field field_id=&#8221;Name&#8221; field_title=&#8221;Name&#8221; _builder_version=&#8221;3.16&#8243; button_text_size__hover_enabled=&#8221;off&#8221; button_one_text_size__hover_enabled=&#8221;off&#8221; button_two_text_size__hover_enabled=&#8221;off&#8221; button_text_color__hover_enabled=&#8221;off&#8221; button_one_text_color__hover_enabled=&#8221;off&#8221; button_two_text_color__hover_enabled=&#8221;off&#8221; button_border_width__hover_enabled=&#8221;off&#8221; button_one_border_width__hover_enabled=&#8221;off&#8221; button_two_border_width__hover_enabled=&#8221;off&#8221; button_border_color__hover_enabled=&#8221;off&#8221; button_one_border_color__hover_enabled=&#8221;off&#8221; button_two_border_color__hover_enabled=&#8221;off&#8221; button_border_radius__hover_enabled=&#8221;off&#8221; button_one_border_radius__hover_enabled=&#8221;off&#8221; button_two_border_radius__hover_enabled=&#8221;off&#8221; button_letter_spacing__hover_enabled=&#8221;off&#8221; button_one_letter_spacing__hover_enabled=&#8221;off&#8221; button_two_letter_spacing__hover_enabled=&#8221;off&#8221; button_bg_color__hover_enabled=&#8221;off&#8221; button_one_bg_color__hover_enabled=&#8221;off&#8221; button_two_bg_color__hover_enabled=&#8221;off&#8221;][\/et_pb_contact_field][et_pb_contact_field field_id=&#8221;Email&#8221; field_title=&#8221;Email Addresse&#8221; field_type=&#8221;email&#8221; _builder_version=&#8221;4.9.0&#8243; button_text_size__hover_enabled=&#8221;off&#8221; button_one_text_size__hover_enabled=&#8221;off&#8221; button_two_text_size__hover_enabled=&#8221;off&#8221; button_text_color__hover_enabled=&#8221;off&#8221; button_one_text_color__hover_enabled=&#8221;off&#8221; button_two_text_color__hover_enabled=&#8221;off&#8221; button_border_width__hover_enabled=&#8221;off&#8221; button_one_border_width__hover_enabled=&#8221;off&#8221; button_two_border_width__hover_enabled=&#8221;off&#8221; button_border_color__hover_enabled=&#8221;off&#8221; button_one_border_color__hover_enabled=&#8221;off&#8221; button_two_border_color__hover_enabled=&#8221;off&#8221; button_border_radius__hover_enabled=&#8221;off&#8221; button_one_border_radius__hover_enabled=&#8221;off&#8221; button_two_border_radius__hover_enabled=&#8221;off&#8221; button_letter_spacing__hover_enabled=&#8221;off&#8221; button_one_letter_spacing__hover_enabled=&#8221;off&#8221; button_two_letter_spacing__hover_enabled=&#8221;off&#8221; button_bg_color__hover_enabled=&#8221;off&#8221; button_one_bg_color__hover_enabled=&#8221;off&#8221; button_two_bg_color__hover_enabled=&#8221;off&#8221;][\/et_pb_contact_field][et_pb_contact_field field_id=&#8221;Message&#8221; field_title=&#8221;Frage&#8221; field_type=&#8221;text&#8221; fullwidth_field=&#8221;on&#8221; _builder_version=&#8221;4.9.0&#8243; button_text_size__hover_enabled=&#8221;off&#8221; button_one_text_size__hover_enabled=&#8221;off&#8221; button_two_text_size__hover_enabled=&#8221;off&#8221; button_text_color__hover_enabled=&#8221;off&#8221; button_one_text_color__hover_enabled=&#8221;off&#8221; button_two_text_color__hover_enabled=&#8221;off&#8221; button_border_width__hover_enabled=&#8221;off&#8221; button_one_border_width__hover_enabled=&#8221;off&#8221; button_two_border_width__hover_enabled=&#8221;off&#8221; button_border_color__hover_enabled=&#8221;off&#8221; button_one_border_color__hover_enabled=&#8221;off&#8221; button_two_border_color__hover_enabled=&#8221;off&#8221; button_border_radius__hover_enabled=&#8221;off&#8221; button_one_border_radius__hover_enabled=&#8221;off&#8221; button_two_border_radius__hover_enabled=&#8221;off&#8221; button_letter_spacing__hover_enabled=&#8221;off&#8221; button_one_letter_spacing__hover_enabled=&#8221;off&#8221; button_two_letter_spacing__hover_enabled=&#8221;off&#8221; button_bg_color__hover_enabled=&#8221;off&#8221; button_one_bg_color__hover_enabled=&#8221;off&#8221; button_two_bg_color__hover_enabled=&#8221;off&#8221;][\/et_pb_contact_field][\/et_pb_contact_form][\/et_pb_column][\/et_pb_row][\/et_pb_section]<\/p>\n","protected":false},"excerpt":{"rendered":"<p>[et_pb_section fb_built=&#8221;1&#8243; admin_label=&#8221;FAQ Section&#8221; _builder_version=&#8221;3.22&#8243; custom_padding=&#8221;90px||90px|&#8221;][et_pb_row _builder_version=&#8221;4.9.0&#8243; _module_preset=&#8221;default&#8221;][et_pb_column type=&#8221;4_4&#8243; _builder_version=&#8221;4.9.0&#8243; _module_preset=&#8221;default&#8221;][et_pb_text _builder_version=&#8221;4.9.0&#8243; _module_preset=&#8221;default&#8221; header_2_font=&#8221;|700|||||||&#8221; header_2_text_color=&#8221;#3697D5&#8243; header_2_font_size=&#8221;45px&#8221; hover_enabled=&#8221;0&#8243; header_2_font_size_last_edited=&#8221;on|phone&#8221; header_2_font_size_phone=&#8221;32px&#8221; sticky_enabled=&#8221;0&#8243;] Gstanzl und mehr [\/et_pb_text][\/et_pb_column][\/et_pb_row][et_pb_row admin_label=&#8221;FAQ&#8221; _builder_version=&#8221;3.25&#8243; max_width=&#8221;900px&#8221; use_custom_width=&#8221;on&#8221; custom_width_px=&#8221;900px&#8221;][et_pb_column type=&#8221;4_4&#8243; _builder_version=&#8221;3.25&#8243; custom_padding=&#8221;|||&#8221; custom_padding__hover=&#8221;|||&#8221;][et_pb_accordion open_toggle_background_color=&#8221;rgba(0,0,0,0.03)&#8221; closed_toggle_background_color=&#8221;rgba(0,0,0,0)&#8221; icon_color=&#8221;#28a8da&#8221; _builder_version=&#8221;4.9.0&#8243; toggle_text_color=&#8221;#333333&#8243; toggle_font=&#8221;Montserrat||||||||&#8221; toggle_line_height=&#8221;1.5em&#8221; body_font=&#8221;||||||||&#8221; body_font_size=&#8221;16px&#8221; body_line_height=&#8221;1.8em&#8221; hover_enabled=&#8221;0&#8243; border_style_all=&#8221;none&#8221; sticky_enabled=&#8221;0&#8243;][et_pb_accordion_item title=&#8221;Was sind Gstanzl?&#8221; _builder_version=&#8221;3.0.89&#8243; open=&#8221;off&#8221;] Das Gstanzl, Schnaderh\u00fcpfl oder [&hellip;]<\/p>\n","protected":false},"author":1,"featured_media":0,"parent":0,"menu_order":0,"comment_status":"closed","ping_status":"closed","template":"","meta":{"_et_pb_use_builder":"on","_et_pb_old_content":"","_et_gb_content_width":"","footnotes":""},"class_list":["post-51837","page","type-page","status-publish","hentry"],"_hostinger_reach_plugin_has_subscription_block":false,"_hostinger_reach_plugin_is_elementor":false,"_links":{"self":[{"href":"https:\/\/gstanzlhermann.de\/index.php\/wp-json\/wp\/v2\/pages\/51837","targetHints":{"allow":["GET"]}}],"collection":[{"href":"https:\/\/gstanzlhermann.de\/index.php\/wp-json\/wp\/v2\/pages"}],"about":[{"href":"https:\/\/gstanzlhermann.de\/index.php\/wp-json\/wp\/v2\/types\/page"}],"author":[{"embeddable":true,"href":"https:\/\/gstanzlhermann.de\/index.php\/wp-json\/wp\/v2\/users\/1"}],"replies":[{"embeddable":true,"href":"https:\/\/gstanzlhermann.de\/index.php\/wp-json\/wp\/v2\/comments?post=51837"}],"version-history":[{"count":0,"href":"https:\/\/gstanzlhermann.de\/index.php\/wp-json\/wp\/v2\/pages\/51837\/revisions"}],"wp:attachment":[{"href":"https:\/\/gstanzlhermann.de\/index.php\/wp-json\/wp\/v2\/media?parent=51837"}],"curies":[{"name":"wp","href":"https:\/\/api.w.org\/{rel}","templated":true}]}}