{"id":46494,"date":"2021-03-02T21:19:15","date_gmt":"2021-03-02T21:19:15","guid":{"rendered":"http:\/\/gstanzlhermann.de\/?page_id=46494"},"modified":"2021-05-05T19:59:37","modified_gmt":"2021-05-05T19:59:37","slug":"uber-mi","status":"publish","type":"page","link":"https:\/\/gstanzlhermann.de\/index.php\/uber-mi\/","title":{"rendered":"\u00dcber Mi"},"content":{"rendered":"<p>[et_pb_section fb_built=&#8221;1&#8243; _builder_version=&#8221;4.9.0&#8243; _module_preset=&#8221;default&#8221; use_background_color_gradient=&#8221;on&#8221; background_color_gradient_start=&#8221;#d8d8d8&#8243; background_color_gradient_end=&#8221;rgba(0,0,0,0)&#8221; background_color_gradient_direction=&#8221;90deg&#8221; background_color_gradient_start_position=&#8221;50%&#8221; background_color_gradient_end_position=&#8221;55%&#8221; background_color_gradient_overlays_image=&#8221;on&#8221; background_enable_image=&#8221;off&#8221; background_last_edited=&#8221;on|desktop&#8221; background_color_gradient_start_position_tablet=&#8221;0%&#8221; background_color_gradient_start_position_phone=&#8221;0%&#8221; background_color_gradient_end_position_tablet=&#8221;10%&#8221; background_color_gradient_end_position_phone=&#8221;7%&#8221;][et_pb_row column_structure=&#8221;1_2,1_2&#8243; _builder_version=&#8221;4.9.0&#8243; _module_preset=&#8221;default&#8221;][et_pb_column type=&#8221;1_2&#8243; _builder_version=&#8221;4.9.0&#8243; _module_preset=&#8221;default&#8221;][et_pb_text _builder_version=&#8221;4.9.0&#8243; _module_preset=&#8221;default&#8221; header_font_size=&#8221;45px&#8221; header_2_font=&#8221;|700|||||||&#8221; header_2_text_color=&#8221;#3697d5&#8243; header_2_font_size=&#8221;45px&#8221; hover_enabled=&#8221;0&#8243; sticky_enabled=&#8221;0&#8243;]<\/p>\n<h2>\u00dcber Mi<\/h2>\n<p>[\/et_pb_text][et_pb_text _builder_version=&#8221;4.9.0&#8243; _module_preset=&#8221;default&#8221; hover_enabled=&#8221;0&#8243; sticky_enabled=&#8221;0&#8243; custom_padding=&#8221;|0px|0px|||&#8221; header_3_font_size_last_edited=&#8221;on|phone&#8221; header_3_font_size_phone=&#8221;13px&#8221; header_3_font=&#8221;||||||||&#8221; header_3_font_last_edited=&#8221;on|phone&#8221; header_3_font_phone=&#8221;||||||||&#8221; text_font_size_last_edited=&#8221;on|phone&#8221; text_font_size_phone=&#8221;18px&#8221; header_font_size_last_edited=&#8221;on|phone&#8221; header_font_size_phone=&#8221;26px&#8221;]<\/p>\n<h3>I BIN DA\u00a0<strong>GSTANZL-HERMANN\u00a0<\/strong>VO MOSCHBAA<\/h3>\n<h3>SO STELL I MI VOR<\/h3>\n<h3>OWA NO 3 MASS BIN I NIMMA DA HERMANN<\/h3>\n<h3>SONDERN DA\u00a0<strong>HERMINATOR<\/strong>!<\/h3>\n<p>[\/et_pb_text][et_pb_text _builder_version=&#8221;4.9.0&#8243; _module_preset=&#8221;default&#8221;]<\/p>\n<p>Mit diesem Gstanzl hab ich schon des \u00f6fteren meinen Gstanzlreigen er\u00f6ffnet. Das Gstanzlsingen, Leute unterhalten und Hochzeitladen ist sozusagen Hobby, Leidenschaft und Ehrenamt f\u00fcr mich.<\/p>\n<p>Einen Tag vor Silvester, am 30.12.1959 erblickte ich in Moosbach, Gemeinde Prackenbach im Bayerischen Wald das Licht der Welt.<\/p>\n<p>Das musikalische Talent hab ich von meinem Vater geerbt, der auch gern als Musikant unterwegs war. Schon in jungen Jahren konnte ich der Volksmusik mehr abgewinnen als der Discomusik wobei ich vor allem von den Gstanzl des legend\u00e4ren Roider Jackl sehr beeindruckt war.<\/p>\n<p>Mit 16 Jahren erlebte ich das erste mal auf einer Hochzeit einen Hochzeitslader, der mir m\u00e4chtig imponierte, wie er die Leute unterhielt. Kurz darauf bekam ich ein Schnaderh\u00fcpflbuch in die Hand und ich eignete mir einige Vierzeiler an, die ich bei der n\u00e4chsten Hochzeit mit etwas Lampenfieber und ein paar Gl\u00e4sern Wein zum Besten gab.<\/p>\n<p>Nach sechs-maligem Einsatz als Brautf\u00fchrer kam eines Tages ein Brautpaar und fragte mich, ob ich f\u00fcr sie den Hochzeitslader machen w\u00fcrde. Nach anf\u00e4nglichem Z\u00f6gern \u00fcbernahm ich dann am 22.Mai 1982 die erste Hochzeit als Hochzeitslader.\u00a0\u00a0\u00a0\u00a0\u00a0\u00a0\u00a0\u00a0\u00a0\u00a0\u00a0\u00a0\u00a0\u00a0\u00a0\u00a0\u00a0\u00a0\u00a0\u00a0\u00a0\u00a0\u00a0\u00a0\u00a0\u00a0\u00a0\u00a0\u00a0\u00a0\u00a0\u00a0\u00a0\u00a0\u00a0\u00a0\u00a0\u00a0\u00a0\u00a0\u00a0\u00a0\u00a0\u00a0\u00a0\u00a0\u00a0\u00a0\u00a0\u00a0\u00a0\u00a0\u00a0\u00a0\u00a0\u00a0\u00a0\u00a0\u00a0\u00a0\u00a0\u00a0<\/p>\n<p>Damals h\u00e4tte ich mir nicht gedacht, dass ich bei so vielen Brautpaaren an ihrem sch\u00f6nsten Tag dabei sein werde.\u00a0 \u00a0 \u00a0 \u00a0Durch meine jahrzehntelange Erfahrung bei unz\u00e4hligen Hochzeiten kann ich den Brautpaaren viele Tipps und Ratschl\u00e4ge f\u00fcr eine gelungene Hochzeitsfeier geben und sie unbeschwert und stilvoll an ihrem \u201eSch\u00f6nsten Tag\u201c begleiten.<\/p>\n<p>Aber nicht nur auf Hochzeiten sondern auch zu vielen anderen Anl\u00e4ssen sorge ich mit meinen gereimten Gstanzln und Witzen f\u00fcr gute Laune.<\/p>\n<p>Ansonsten gehe ich meinem Beruf als Betriebsschlosser nach, k\u00fcmmere mich um Haus und Hof und genie\u00dfe die freien Stunden im Kreis meiner Familie, die mich dankenswerter Weise immer bei meinen Aufgaben unterst\u00fctzt hat.<\/p>\n<p>[\/et_pb_text][\/et_pb_column][et_pb_column type=&#8221;1_2&#8243; _builder_version=&#8221;4.9.0&#8243; _module_preset=&#8221;default&#8221;][et_pb_image src=&#8221;https:\/\/gstanzlhermann.de\/wp-content\/uploads\/2021\/05\/Uber-mich-test.png&#8221; title_text=&#8221;\u00dcber mich test&#8221; _builder_version=&#8221;4.9.0&#8243; _module_preset=&#8221;default&#8221;][\/et_pb_image][et_pb_image src=&#8221;https:\/\/gstanzlhermann.de\/wp-content\/uploads\/2021\/05\/Fleischmann_Hermann.jpg&#8221; alt=&#8221;Hermann Fleischmann Hochzeitslader&#8221; title_text=&#8221;Fleischmann_Hermann&#8221; _builder_version=&#8221;4.9.0&#8243; _module_preset=&#8221;default&#8221;][\/et_pb_image][\/et_pb_column][\/et_pb_row][\/et_pb_section]<\/p>\n","protected":false},"excerpt":{"rendered":"<p>[et_pb_section fb_built=&#8221;1&#8243; _builder_version=&#8221;4.9.0&#8243; _module_preset=&#8221;default&#8221; use_background_color_gradient=&#8221;on&#8221; background_color_gradient_start=&#8221;#d8d8d8&#8243; background_color_gradient_end=&#8221;rgba(0,0,0,0)&#8221; background_color_gradient_direction=&#8221;90deg&#8221; background_color_gradient_start_position=&#8221;50%&#8221; background_color_gradient_end_position=&#8221;55%&#8221; background_color_gradient_overlays_image=&#8221;on&#8221; background_enable_image=&#8221;off&#8221; background_last_edited=&#8221;on|desktop&#8221; background_color_gradient_start_position_tablet=&#8221;0%&#8221; background_color_gradient_start_position_phone=&#8221;0%&#8221; background_color_gradient_end_position_tablet=&#8221;10%&#8221; background_color_gradient_end_position_phone=&#8221;7%&#8221;][et_pb_row column_structure=&#8221;1_2,1_2&#8243; _builder_version=&#8221;4.9.0&#8243; _module_preset=&#8221;default&#8221;][et_pb_column type=&#8221;1_2&#8243; _builder_version=&#8221;4.9.0&#8243; _module_preset=&#8221;default&#8221;][et_pb_text _builder_version=&#8221;4.9.0&#8243; _module_preset=&#8221;default&#8221; header_font_size=&#8221;45px&#8221; header_2_font=&#8221;|700|||||||&#8221; header_2_text_color=&#8221;#3697d5&#8243; header_2_font_size=&#8221;45px&#8221; hover_enabled=&#8221;0&#8243; sticky_enabled=&#8221;0&#8243;] \u00dcber Mi [\/et_pb_text][et_pb_text _builder_version=&#8221;4.9.0&#8243; _module_preset=&#8221;default&#8221; hover_enabled=&#8221;0&#8243; sticky_enabled=&#8221;0&#8243; custom_padding=&#8221;|0px|0px|||&#8221; header_3_font_size_last_edited=&#8221;on|phone&#8221; header_3_font_size_phone=&#8221;13px&#8221; header_3_font=&#8221;||||||||&#8221; header_3_font_last_edited=&#8221;on|phone&#8221; header_3_font_phone=&#8221;||||||||&#8221; text_font_size_last_edited=&#8221;on|phone&#8221; text_font_size_phone=&#8221;18px&#8221; header_font_size_last_edited=&#8221;on|phone&#8221; header_font_size_phone=&#8221;26px&#8221;] I BIN DA\u00a0GSTANZL-HERMANN\u00a0VO MOSCHBAA SO STELL I [&hellip;]<\/p>\n","protected":false},"author":1,"featured_media":0,"parent":0,"menu_order":0,"comment_status":"closed","ping_status":"closed","template":"","meta":{"_et_pb_use_builder":"on","_et_pb_old_content":"","_et_gb_content_width":"","footnotes":""},"class_list":["post-46494","page","type-page","status-publish","hentry"],"_hostinger_reach_plugin_has_subscription_block":false,"_hostinger_reach_plugin_is_elementor":false,"_links":{"self":[{"href":"https:\/\/gstanzlhermann.de\/index.php\/wp-json\/wp\/v2\/pages\/46494","targetHints":{"allow":["GET"]}}],"collection":[{"href":"https:\/\/gstanzlhermann.de\/index.php\/wp-json\/wp\/v2\/pages"}],"about":[{"href":"https:\/\/gstanzlhermann.de\/index.php\/wp-json\/wp\/v2\/types\/page"}],"author":[{"embeddable":true,"href":"https:\/\/gstanzlhermann.de\/index.php\/wp-json\/wp\/v2\/users\/1"}],"replies":[{"embeddable":true,"href":"https:\/\/gstanzlhermann.de\/index.php\/wp-json\/wp\/v2\/comments?post=46494"}],"version-history":[{"count":0,"href":"https:\/\/gstanzlhermann.de\/index.php\/wp-json\/wp\/v2\/pages\/46494\/revisions"}],"wp:attachment":[{"href":"https:\/\/gstanzlhermann.de\/index.php\/wp-json\/wp\/v2\/media?parent=46494"}],"curies":[{"name":"wp","href":"https:\/\/api.w.org\/{rel}","templated":true}]}}