{"id":230369,"date":"2021-05-05T09:01:16","date_gmt":"2021-05-05T09:01:16","guid":{"rendered":"http:\/\/gstanzlhermann.de\/?page_id=230369"},"modified":"2021-05-05T09:04:31","modified_gmt":"2021-05-05T09:04:31","slug":"impressum","status":"publish","type":"page","link":"https:\/\/gstanzlhermann.de\/index.php\/impressum\/","title":{"rendered":"Impressum"},"content":{"rendered":"\n<h1 class=\"wp-block-heading\">Impressum<\/h1>\n\n\n\n<h2 class=\"wp-block-heading\" id=\"m46\">Diensteanbieter<\/h2>\n\n\n\n<p>Hermann Fleischmann.<\/p>\n\n\n\n<p>Am Sandbach 3.<\/p>\n\n\n\n<p>94267 Moosbach.<\/p>\n\n\n\n<p>Deutschland.<\/p>\n\n\n\n<h2 class=\"wp-block-heading\" id=\"m56\">Kontaktm\u00f6glichkeiten<\/h2>\n\n\n\n<p>E-Mail-Adresse: <a href=\"mailto:hermann.fleischmann@gmx.de\">hermann.fleischmann@gmx.de<\/a>.<\/p>\n\n\n\n<p>Telefon: 017656871022.<\/p>\n\n\n\n<p>Kontaktformular: <a href=\"https:\/\/gstanzlhermann.de\/index.php\/kontakt\/\" target=\"_blank\" rel=\"noreferrer noopener\">https:\/\/gstanzlhermann.de\/index.php\/kontakt\/<\/a>.<\/p>\n\n\n\n<h2 class=\"wp-block-heading\" id=\"m58\">Angaben zum Unternehmen<\/h2>\n\n\n\n<h2 class=\"wp-block-heading\" id=\"m172\">Social Media und andere Onlinepr\u00e4senzen<\/h2>\n\n\n\n<p>Dieses Impressum gilt auch f\u00fcr die folgenden Social-Media-Pr\u00e4senzen und Onlineprofile:<\/p>\n\n\n\n<p><a href=\"https:\/\/www.facebook.com\/HochzeitsladerHermannFleischmann\">https:\/\/www.facebook.com\/HochzeitsladerHermannFleischmann<\/a><\/p>\n","protected":false},"excerpt":{"rendered":"<p>Impressum Diensteanbieter Hermann Fleischmann. Am Sandbach 3. 94267 Moosbach. Deutschland. Kontaktm\u00f6glichkeiten E-Mail-Adresse: hermann.fleischmann@gmx.de. Telefon: 017656871022. Kontaktformular: https:\/\/gstanzlhermann.de\/index.php\/kontakt\/. Angaben zum Unternehmen Social Media und andere Onlinepr\u00e4senzen Dieses Impressum gilt auch f\u00fcr die folgenden Social-Media-Pr\u00e4senzen und Onlineprofile: https:\/\/www.facebook.com\/HochzeitsladerHermannFleischmann<\/p>\n","protected":false},"author":1,"featured_media":0,"parent":0,"menu_order":0,"comment_status":"closed","ping_status":"closed","template":"","meta":{"_et_pb_use_builder":"off","_et_pb_old_content":"","_et_gb_content_width":"","footnotes":""},"class_list":["post-230369","page","type-page","status-publish","hentry"],"_hostinger_reach_plugin_has_subscription_block":false,"_hostinger_reach_plugin_is_elementor":false,"_links":{"self":[{"href":"https:\/\/gstanzlhermann.de\/index.php\/wp-json\/wp\/v2\/pages\/230369","targetHints":{"allow":["GET"]}}],"collection":[{"href":"https:\/\/gstanzlhermann.de\/index.php\/wp-json\/wp\/v2\/pages"}],"about":[{"href":"https:\/\/gstanzlhermann.de\/index.php\/wp-json\/wp\/v2\/types\/page"}],"author":[{"embeddable":true,"href":"https:\/\/gstanzlhermann.de\/index.php\/wp-json\/wp\/v2\/users\/1"}],"replies":[{"embeddable":true,"href":"https:\/\/gstanzlhermann.de\/index.php\/wp-json\/wp\/v2\/comments?post=230369"}],"version-history":[{"count":0,"href":"https:\/\/gstanzlhermann.de\/index.php\/wp-json\/wp\/v2\/pages\/230369\/revisions"}],"wp:attachment":[{"href":"https:\/\/gstanzlhermann.de\/index.php\/wp-json\/wp\/v2\/media?parent=230369"}],"curies":[{"name":"wp","href":"https:\/\/api.w.org\/{rel}","templated":true}]}}