{"id":230310,"date":"2021-04-22T12:50:22","date_gmt":"2021-04-22T12:50:22","guid":{"rendered":"http:\/\/gstanzlhermann.de\/?page_id=230310"},"modified":"2021-05-18T16:58:07","modified_gmt":"2021-05-18T16:58:07","slug":"hochzeitsplanung","status":"publish","type":"page","link":"https:\/\/gstanzlhermann.de\/index.php\/hochzeitsplanung\/","title":{"rendered":"Hochzeitsplanung"},"content":{"rendered":"<p>[et_pb_section fb_built=&#8221;1&#8243; _builder_version=&#8221;4.9.0&#8243; _module_preset=&#8221;default&#8221;][et_pb_row column_structure=&#8221;1_2,1_2&#8243; _builder_version=&#8221;4.9.0&#8243; _module_preset=&#8221;default&#8221;][et_pb_column type=&#8221;1_2&#8243; _builder_version=&#8221;4.9.0&#8243; _module_preset=&#8221;default&#8221;][et_pb_text _builder_version=&#8221;4.9.0&#8243; _module_preset=&#8221;default&#8221; header_2_font=&#8221;|700|||||||&#8221; header_2_text_color=&#8221;#3697D5&#8243; header_2_font_size=&#8221;45px&#8221; custom_margin_tablet=&#8221;0px||-331px||false|false&#8221; custom_margin_phone=&#8221;0px||-94px||false|false&#8221; custom_margin_last_edited=&#8221;on|phone&#8221; custom_padding=&#8221;||0px||false|false&#8221; header_2_font_size_tablet=&#8221;&#8221; header_2_font_size_phone=&#8221;32px&#8221; header_2_font_size_last_edited=&#8221;on|phone&#8221;]<\/p>\n<h2>Hochzeitsplanung<\/h2>\n<p>[\/et_pb_text][\/et_pb_column][et_pb_column type=&#8221;1_2&#8243; _builder_version=&#8221;4.9.0&#8243; _module_preset=&#8221;default&#8221;][\/et_pb_column][\/et_pb_row][et_pb_row _builder_version=&#8221;4.9.0&#8243; _module_preset=&#8221;default&#8221; custom_margin_tablet=&#8221;&#8221; custom_margin_phone=&#8221;0px||-19px||false|false&#8221; custom_margin_last_edited=&#8221;on|phone&#8221; custom_padding=&#8221;7px||0px||false|false&#8221;][et_pb_column type=&#8221;4_4&#8243; _builder_version=&#8221;4.9.0&#8243; _module_preset=&#8221;default&#8221;][et_pb_text _builder_version=&#8221;4.9.0&#8243; _module_preset=&#8221;default&#8221; header_3_font=&#8221;|700|||||||&#8221; header_3_font_size=&#8221;30px&#8221; text_font_size_tablet=&#8221;&#8221; text_font_size_phone=&#8221;&#8221; text_font_size_last_edited=&#8221;on|phone&#8221; header_font_tablet=&#8221;&#8221; header_font_phone=&#8221;&#8221; header_font_last_edited=&#8221;on|phone&#8221; header_font_size_tablet=&#8221;&#8221; header_font_size_phone=&#8221;17px&#8221; header_font_size_last_edited=&#8221;on|phone&#8221; header_3_font_size_tablet=&#8221;&#8221; header_3_font_size_phone=&#8221;22px&#8221; header_3_font_size_last_edited=&#8221;on|phone&#8221;]<\/p>\n<h3>Jedes Brautpaar w\u00fcnscht sich eine Traumhochzeit<\/h3>\n<p>[\/et_pb_text][\/et_pb_column][\/et_pb_row][et_pb_row column_structure=&#8221;1_2,1_2&#8243; _builder_version=&#8221;4.9.0&#8243; _module_preset=&#8221;default&#8221;][et_pb_column type=&#8221;1_2&#8243; _builder_version=&#8221;4.9.0&#8243; _module_preset=&#8221;default&#8221;][et_pb_text _builder_version=&#8221;4.9.0&#8243; _module_preset=&#8221;default&#8221;]<\/p>\n<p>Diesen Traum neben dem Berufsalltag Wirklichkeit werden zu lassen, ist nicht einfach und erfordert viel Organisationsgeschick. Viele Brautpaare wollen daher nichts dem Zufall \u00fcberlassen und vertrauen meiner langj\u00e4hrigen Erfahrung als Hochzeitslader.\u00a0\u00a0<\/p>\n<p>[\/et_pb_text][et_pb_text _builder_version=&#8221;4.9.0&#8243; _module_preset=&#8221;default&#8221; header_4_font=&#8221;|700|||||||&#8221;]<\/p>\n<h4>Planung und Organisation<\/h4>\n<p>[\/et_pb_text][et_pb_text _builder_version=&#8221;4.9.0&#8243; _module_preset=&#8221;default&#8221; custom_margin=&#8221;-30px|||||&#8221;]<\/p>\n<p>F\u00fcr eine Hochzeit gibt es im Voraus viel zu planen und organisieren.\u00a0Mit eueren Vorschl\u00e4gen und W\u00fcnschen erstelle ich gerne gemeinsam mit euch den Tagesablauf f\u00fcr Euere Hochzeit<\/p>\n<p>[\/et_pb_text][\/et_pb_column][et_pb_column type=&#8221;1_2&#8243; _builder_version=&#8221;4.9.0&#8243; _module_preset=&#8221;default&#8221;][et_pb_image src=&#8221;https:\/\/gstanzlhermann.de\/wp-content\/uploads\/2021\/05\/Brautstraus-mit-Eheringe.png&#8221; alt=&#8221;Hochzeitsstrau\u00df&#8221; title_text=&#8221;Brautstrau\u00df mit Eheringe&#8221; _builder_version=&#8221;4.9.0&#8243; _module_preset=&#8221;default&#8221;][\/et_pb_image][\/et_pb_column][\/et_pb_row][et_pb_row column_structure=&#8221;1_2,1_2&#8243; _builder_version=&#8221;4.9.0&#8243; _module_preset=&#8221;default&#8221;][et_pb_column type=&#8221;1_2&#8243; _builder_version=&#8221;4.9.0&#8243; _module_preset=&#8221;default&#8221;][et_pb_text _builder_version=&#8221;4.9.0&#8243; _module_preset=&#8221;default&#8221;]<\/p>\n<p><strong>Was brauchen wir alles zum heiraten?<\/strong><\/p>\n<p>Bei diesen und vielen weiteren Fragen kann ich euch gern behilflich sein. Auf Wunsch schicke ich euch eine separate Checkliste zu.<\/p>\n<p>Au\u00dferdem kann ich euch auf der Suche nach passender Band, Kirchenmusik, Location, Fotografen, Filmer, freie Trauungsredner usw.behilflich sein.<\/p>\n<p>&nbsp;<\/p>\n<p>[\/et_pb_text][\/et_pb_column][et_pb_column type=&#8221;1_2&#8243; _builder_version=&#8221;4.9.0&#8243; _module_preset=&#8221;default&#8221;][et_pb_text _builder_version=&#8221;4.9.0&#8243; _module_preset=&#8221;default&#8221; custom_margin=&#8221;|||-18px||&#8221; custom_margin_tablet=&#8221;&#8221; custom_margin_phone=&#8221;&#8221; custom_margin_last_edited=&#8221;on|phone&#8221; custom_padding_tablet=&#8221;&#8221; custom_padding_phone=&#8221;||11px||false|false&#8221; custom_padding_last_edited=&#8221;on|phone&#8221;]<\/p>\n<p><strong>Den allgemeinen Rahmen der Hochzeit festlegen\u00a0 \u00a0 \u00a0 \u00a0<\/strong><\/p>\n<p>Standesamtlich &#8211; kirchlich \u2013 gro\u00df \u2013 klein \u2013 modern \u2013 l\u00e4ndlich &#8211; traditionell (mit Gaglhen = bayrisches Fr\u00fchmahl) \u2013\u00a0 gemischt?<\/p>\n<p>[\/et_pb_text][et_pb_image src=&#8221;https:\/\/gstanzlhermann.de\/wp-content\/uploads\/2021\/05\/Hochzeitspaar_Kirche.png&#8221; alt=&#8221;Hochzeitspaar_Natur&#8221; title_text=&#8221;Hochzeitspaar_Kirche&#8221; _builder_version=&#8221;4.9.0&#8243; _module_preset=&#8221;default&#8221; width=&#8221;81%&#8221; max_width=&#8221;80%&#8221; custom_margin=&#8221;-24px|||||&#8221;][\/et_pb_image][\/et_pb_column][\/et_pb_row][et_pb_row _builder_version=&#8221;4.9.0&#8243; _module_preset=&#8221;default&#8221; custom_padding=&#8221;48px||7px|||&#8221; custom_margin=&#8221;|auto|31px|auto||&#8221;][et_pb_column type=&#8221;4_4&#8243; _builder_version=&#8221;4.9.0&#8243; _module_preset=&#8221;default&#8221;][et_pb_divider _builder_version=&#8221;4.9.0&#8243; _module_preset=&#8221;default&#8221; custom_margin=&#8221;-51px|||||&#8221;][\/et_pb_divider][\/et_pb_column][\/et_pb_row][\/et_pb_section][et_pb_section fb_built=&#8221;1&#8243; _builder_version=&#8221;4.9.0&#8243; _module_preset=&#8221;default&#8221; background_color=&#8221;RGBA(0,0,0,0)&#8221; custom_margin=&#8221;-65px|||||&#8221; custom_padding=&#8221;7px|||||&#8221;][et_pb_row custom_padding_last_edited=&#8221;on|phone&#8221; _builder_version=&#8221;4.9.0&#8243; _module_preset=&#8221;default&#8221; custom_margin_tablet=&#8221;&#8221; custom_margin_phone=&#8221;-51px||-5px||false|false&#8221; custom_margin_last_edited=&#8221;on|phone&#8221; custom_padding_tablet=&#8221;&#8221; custom_padding_phone=&#8221;&#8221;][et_pb_column type=&#8221;4_4&#8243; _builder_version=&#8221;4.9.0&#8243; _module_preset=&#8221;default&#8221;][et_pb_text _builder_version=&#8221;4.9.0&#8243; _module_preset=&#8221;default&#8221; header_3_font_tablet=&#8221;&#8221; header_3_font_phone=&#8221;&#8221; header_3_font_last_edited=&#8221;on|phone&#8221;]<\/p>\n<h3 style=\"text-align: center;\"><strong>Was geh\u00f6rt zu einer typisch bayerischen Hochzeit?<\/strong><\/h3>\n<p>[\/et_pb_text][\/et_pb_column][\/et_pb_row][et_pb_row column_structure=&#8221;1_2,1_2&#8243; _builder_version=&#8221;4.9.0&#8243; _module_preset=&#8221;default&#8221; custom_margin_tablet=&#8221;&#8221; custom_margin_phone=&#8221;-36px||0px||false|false&#8221; custom_margin_last_edited=&#8221;on|phone&#8221; custom_padding=&#8221;||0px||false|false&#8221;][et_pb_column type=&#8221;1_2&#8243; _builder_version=&#8221;4.9.0&#8243; _module_preset=&#8221;default&#8221;][et_pb_text _builder_version=&#8221;4.9.0&#8243; _module_preset=&#8221;default&#8221;]<\/p>\n<p>Eine typisch bayrische Hochzeit ist bodenst\u00e4ndig, lustig und ausgelassen.<\/p>\n<p>Jedes Brautpaar kann aber f\u00fcr sich individuell den Tagesablauf und die Glanzpunkte ihrer Hochzeit festlegen.<\/p>\n<p>[\/et_pb_text][et_pb_image src=&#8221;https:\/\/gstanzlhermann.de\/wp-content\/uploads\/2021\/05\/Hochzeitspaar_Natur.png&#8221; alt=&#8221;Hochzeitsfoto&#8221; title_text=&#8221;Hochzeitspaar_Natur&#8221; _builder_version=&#8221;4.9.0&#8243; _module_preset=&#8221;default&#8221;][\/et_pb_image][\/et_pb_column][et_pb_column type=&#8221;1_2&#8243; _builder_version=&#8221;4.9.0&#8243; _module_preset=&#8221;default&#8221;][et_pb_text _builder_version=&#8221;4.9.0&#8243; _module_preset=&#8221;default&#8221; custom_margin_tablet=&#8221;&#8221; custom_margin_phone=&#8221;||15px||false|false&#8221; custom_margin_last_edited=&#8221;on|phone&#8221; custom_padding=&#8221;||0px||false|false&#8221;]<\/p>\n<p><strong>Hier ein Beispiel eines m\u00f6glichen Tagesablaufes:<\/strong><\/p>\n<p>[\/et_pb_text][et_pb_text _builder_version=&#8221;4.9.0&#8243; _module_preset=&#8221;default&#8221; background_color=&#8221;#f4f4f4&#8243; custom_margin=&#8221;|0px|0px|0px|false|false&#8221; custom_padding=&#8221;5px|0px||24px|false|false&#8221;]<\/p>\n<ul>\n<li>10.30 Kirche<\/li>\n<li>11.45 Sektempfang und Gratulieren<\/li>\n<li>12.00 Mittagessen<\/li>\n<li>13.00 Er\u00f6ffnunstanz<\/li>\n<li>14.00 Schenken<\/li>\n<li>15.00 Anschneiden der Hochzeitstorte &#8211; Kaffeetrinken<\/li>\n<li>16.30 Brautstehlen<\/li>\n<li>19.00 Abendessen<\/li>\n<li>abends Tanz und Party &#8211; dazwischen evtl. Einlagen, Spiele, Fotobox usw.<\/li>\n<li>00.00 Abschlusstanz und Verabschiedung der G\u00e4ste oder Mitternachtssnack<\/li>\n<li>anschl. Party<\/li>\n<\/ul>\n<p>[\/et_pb_text][\/et_pb_column][\/et_pb_row][\/et_pb_section][et_pb_section fb_built=&#8221;1&#8243; fullwidth=&#8221;on&#8221; _builder_version=&#8221;4.9.0&#8243; _module_preset=&#8221;default&#8221;][\/et_pb_section]<\/p>\n","protected":false},"excerpt":{"rendered":"<p>[et_pb_section fb_built=&#8221;1&#8243; _builder_version=&#8221;4.9.0&#8243; _module_preset=&#8221;default&#8221;][et_pb_row column_structure=&#8221;1_2,1_2&#8243; _builder_version=&#8221;4.9.0&#8243; _module_preset=&#8221;default&#8221;][et_pb_column type=&#8221;1_2&#8243; _builder_version=&#8221;4.9.0&#8243; _module_preset=&#8221;default&#8221;][et_pb_text _builder_version=&#8221;4.9.0&#8243; _module_preset=&#8221;default&#8221; header_2_font=&#8221;|700|||||||&#8221; header_2_text_color=&#8221;#3697D5&#8243; header_2_font_size=&#8221;45px&#8221; custom_margin_tablet=&#8221;0px||-331px||false|false&#8221; custom_margin_phone=&#8221;0px||-94px||false|false&#8221; custom_margin_last_edited=&#8221;on|phone&#8221; custom_padding=&#8221;||0px||false|false&#8221; header_2_font_size_tablet=&#8221;&#8221; header_2_font_size_phone=&#8221;32px&#8221; header_2_font_size_last_edited=&#8221;on|phone&#8221;] Hochzeitsplanung [\/et_pb_text][\/et_pb_column][et_pb_column type=&#8221;1_2&#8243; _builder_version=&#8221;4.9.0&#8243; _module_preset=&#8221;default&#8221;][\/et_pb_column][\/et_pb_row][et_pb_row _builder_version=&#8221;4.9.0&#8243; _module_preset=&#8221;default&#8221; custom_margin_tablet=&#8221;&#8221; custom_margin_phone=&#8221;0px||-19px||false|false&#8221; custom_margin_last_edited=&#8221;on|phone&#8221; custom_padding=&#8221;7px||0px||false|false&#8221;][et_pb_column type=&#8221;4_4&#8243; _builder_version=&#8221;4.9.0&#8243; _module_preset=&#8221;default&#8221;][et_pb_text _builder_version=&#8221;4.9.0&#8243; _module_preset=&#8221;default&#8221; header_3_font=&#8221;|700|||||||&#8221; header_3_font_size=&#8221;30px&#8221; text_font_size_tablet=&#8221;&#8221; text_font_size_phone=&#8221;&#8221; text_font_size_last_edited=&#8221;on|phone&#8221; header_font_tablet=&#8221;&#8221; header_font_phone=&#8221;&#8221; header_font_last_edited=&#8221;on|phone&#8221; header_font_size_tablet=&#8221;&#8221; header_font_size_phone=&#8221;17px&#8221; header_font_size_last_edited=&#8221;on|phone&#8221; header_3_font_size_tablet=&#8221;&#8221; header_3_font_size_phone=&#8221;22px&#8221; header_3_font_size_last_edited=&#8221;on|phone&#8221;] Jedes Brautpaar w\u00fcnscht [&hellip;]<\/p>\n","protected":false},"author":1,"featured_media":0,"parent":0,"menu_order":0,"comment_status":"closed","ping_status":"closed","template":"","meta":{"_et_pb_use_builder":"on","_et_pb_old_content":"","_et_gb_content_width":"","footnotes":""},"class_list":["post-230310","page","type-page","status-publish","hentry"],"_hostinger_reach_plugin_has_subscription_block":false,"_hostinger_reach_plugin_is_elementor":false,"_links":{"self":[{"href":"https:\/\/gstanzlhermann.de\/index.php\/wp-json\/wp\/v2\/pages\/230310","targetHints":{"allow":["GET"]}}],"collection":[{"href":"https:\/\/gstanzlhermann.de\/index.php\/wp-json\/wp\/v2\/pages"}],"about":[{"href":"https:\/\/gstanzlhermann.de\/index.php\/wp-json\/wp\/v2\/types\/page"}],"author":[{"embeddable":true,"href":"https:\/\/gstanzlhermann.de\/index.php\/wp-json\/wp\/v2\/users\/1"}],"replies":[{"embeddable":true,"href":"https:\/\/gstanzlhermann.de\/index.php\/wp-json\/wp\/v2\/comments?post=230310"}],"version-history":[{"count":0,"href":"https:\/\/gstanzlhermann.de\/index.php\/wp-json\/wp\/v2\/pages\/230310\/revisions"}],"wp:attachment":[{"href":"https:\/\/gstanzlhermann.de\/index.php\/wp-json\/wp\/v2\/media?parent=230310"}],"curies":[{"name":"wp","href":"https:\/\/api.w.org\/{rel}","templated":true}]}}