{"id":230243,"date":"2021-04-11T14:15:57","date_gmt":"2021-04-11T14:15:57","guid":{"rendered":"http:\/\/gstanzlhermann.de\/?page_id=230243"},"modified":"2021-05-18T11:25:54","modified_gmt":"2021-05-18T11:25:54","slug":"gstanzl-und-musikantentreffen","status":"publish","type":"page","link":"https:\/\/gstanzlhermann.de\/index.php\/gstanzl-und-musikantentreffen\/","title":{"rendered":"Gstanzl und Musikantentreffen"},"content":{"rendered":"<p>[et_pb_section fb_built=&#8221;1&#8243; admin_label=&#8221;Post Body&#8221; _builder_version=&#8221;4.4.3&#8243; locked=&#8221;off&#8221;][et_pb_row _builder_version=&#8221;4.9.0&#8243; _module_preset=&#8221;default&#8221;][et_pb_column type=&#8221;4_4&#8243; _builder_version=&#8221;4.9.0&#8243; _module_preset=&#8221;default&#8221;][et_pb_text _builder_version=&#8221;4.9.0&#8243; _module_preset=&#8221;default&#8221; header_2_font=&#8221;|700|||||||&#8221; header_2_text_color=&#8221;#3697D5&#8243; header_2_font_size=&#8221;45px&#8221;]<\/p>\n<h2>Gstanzl und Musikantentreffen<\/h2>\n<p>[\/et_pb_text][\/et_pb_column][\/et_pb_row][et_pb_row _builder_version=&#8221;4.9.0&#8243; _module_preset=&#8221;default&#8221;][et_pb_column type=&#8221;4_4&#8243; _builder_version=&#8221;4.9.0&#8243; _module_preset=&#8221;default&#8221;][et_pb_text _builder_version=&#8221;4.9.0&#8243; _module_preset=&#8221;default&#8221;]<\/p>\n<p>Auch bei vielen Gstanzl- und Musikantentreffen bin ich gern dabei.\u00a0 Bei einem Gstanzls\u00e4ngertreffen oder Gstanzl-Battle stehen gleich mehrere Gstanzls\u00e4nger auf der B\u00fchne, die dann sowohl einzeln als auch gegeneinander antreten. Beim sogenannten geistigen Fingerhackln muss man nat\u00fcrlich schlagfertig sein und seinem Gegner die richtige Antwort in Versform zur\u00fcckgeben k\u00f6nnen. Auch die Zuschauer werden dabei gern aufs Korn genommen.<\/p>\n<p>Es gibt auch Wettbewerbe im Gstanzlsingen. Die\u00a0 bekanntesten waren in unserer Gegend das Haidlfinger und Mamminger Gstanzls\u00e4ngertreffen, wo ich auch einige Pokale erringen konnte, sowie das Gstanzlsingen im Museumsdorf in Tittling, wo ich zwei mal den Titel des Niederbayerischen Gstanzlk\u00f6nigs eroberte.<\/p>\n<p>[\/et_pb_text][et_pb_image src=&#8221;https:\/\/gstanzlhermann.de\/wp-content\/uploads\/2021\/03\/20545549_1479006375500018_2682272177066885212_o.jpg&#8221; alt=&#8221;Hermann Fleischmann Gstanzelsingen&#8221; title_text=&#8221;Hermann Fleischmann Gstanzelsingen&#8221; align=&#8221;center&#8221; _builder_version=&#8221;4.9.0&#8243; _module_preset=&#8221;default&#8221;][\/et_pb_image][\/et_pb_column][\/et_pb_row][et_pb_row _builder_version=&#8221;4.9.0&#8243; _module_preset=&#8221;default&#8221;][et_pb_column type=&#8221;4_4&#8243; _builder_version=&#8221;4.9.0&#8243; _module_preset=&#8221;default&#8221;][et_pb_divider _builder_version=&#8221;4.9.0&#8243; _module_preset=&#8221;default&#8221;][\/et_pb_divider][\/et_pb_column][\/et_pb_row][et_pb_row column_structure=&#8221;1_2,1_2&#8243; _builder_version=&#8221;4.9.0&#8243; _module_preset=&#8221;default&#8221; custom_margin=&#8221;-13px|auto||auto||&#8221;][et_pb_column type=&#8221;1_2&#8243; _builder_version=&#8221;4.9.0&#8243; _module_preset=&#8221;default&#8221;][et_pb_text _builder_version=&#8221;4.9.0&#8243; _module_preset=&#8221;default&#8221;]<\/p>\n<p>In j\u00fcngster Zeit gibt es vor allem im Nachbarland \u00d6sterreich die sog. Gstanzlbattle, welche vor allem bei der jungen Generation gut ankommen.<\/p>\n<p>Hierbei treten Gstanzls\u00e4nger gegen Rapper an. Dabei kann man sein K\u00f6nnen sowohl als Gstanzls\u00e4nger als auch als Rapper mit rhytmischem Beat-Sprechgesang versuchen.<\/p>\n<p>[\/et_pb_text][\/et_pb_column][et_pb_column type=&#8221;1_2&#8243; _builder_version=&#8221;4.9.0&#8243; _module_preset=&#8221;default&#8221;][et_pb_video src=&#8221;https:\/\/www.youtube.com\/watch?v=tl0Qxi2iN5A&#8221; _builder_version=&#8221;4.9.0&#8243; _module_preset=&#8221;default&#8221; hover_enabled=&#8221;0&#8243; sticky_enabled=&#8221;0&#8243;][\/et_pb_video][\/et_pb_column][\/et_pb_row][et_pb_row _builder_version=&#8221;4.9.0&#8243; _module_preset=&#8221;default&#8221; custom_margin=&#8221;-27px|auto||auto||&#8221;][et_pb_column type=&#8221;4_4&#8243; _builder_version=&#8221;4.9.0&#8243; _module_preset=&#8221;default&#8221;][et_pb_divider _builder_version=&#8221;4.9.0&#8243; _module_preset=&#8221;default&#8221;][\/et_pb_divider][\/et_pb_column][\/et_pb_row][et_pb_row column_structure=&#8221;1_2,1_2&#8243; _builder_version=&#8221;4.9.0&#8243; _module_preset=&#8221;default&#8221; custom_margin=&#8221;-31px|auto||auto||&#8221;][et_pb_column type=&#8221;1_2&#8243; _builder_version=&#8221;4.9.0&#8243; _module_preset=&#8221;default&#8221;][et_pb_image src=&#8221;https:\/\/gstanzlhermann.de\/wp-content\/uploads\/2021\/04\/IMGL8886.jpg&#8221; alt=&#8221;BR Musikantentreffen mit Hermann Fleischmann&#8221; title_text=&#8221;BR Musikantentreffen mit Hermann Fleischmann&#8221; _builder_version=&#8221;4.9.0&#8243; _module_preset=&#8221;default&#8221;][\/et_pb_image][et_pb_text _builder_version=&#8221;4.9.0&#8243; _module_preset=&#8221;default&#8221; custom_margin=&#8221;-32px|||||&#8221;]<\/p>\n<p style=\"text-align: center;\">Aufnahme BR Bayerischer Abend<\/p>\n<p>[\/et_pb_text][\/et_pb_column][et_pb_column type=&#8221;1_2&#8243; _builder_version=&#8221;4.9.0&#8243; _module_preset=&#8221;default&#8221;][et_pb_text _builder_version=&#8221;4.9.0&#8243; _module_preset=&#8221;default&#8221;]<\/p>\n<p>Viele Wirte oder Vereine laden gern zum Musikantentreffen ein. Das sind meist kleinere Gruppen oder Solisten aus der n\u00e4heren Umgebung, die gerne f\u00fcr eine geringe Gage Musik machen.<\/p>\n<p>Hierbei bin ich auch oft als Moderator oder Musikant dabei, indem ich die Gruppen nach der Reihe ank\u00fcndige und vorstelle und in humorvoller Art durchs Programm f\u00fchre.<\/p>\n<p>[\/et_pb_text][\/et_pb_column][\/et_pb_row][\/et_pb_section]<\/p>\n","protected":false},"excerpt":{"rendered":"<p>[et_pb_section fb_built=&#8221;1&#8243; admin_label=&#8221;Post Body&#8221; _builder_version=&#8221;4.4.3&#8243; locked=&#8221;off&#8221;][et_pb_row _builder_version=&#8221;4.9.0&#8243; _module_preset=&#8221;default&#8221;][et_pb_column type=&#8221;4_4&#8243; _builder_version=&#8221;4.9.0&#8243; _module_preset=&#8221;default&#8221;][et_pb_text _builder_version=&#8221;4.9.0&#8243; _module_preset=&#8221;default&#8221; header_2_font=&#8221;|700|||||||&#8221; header_2_text_color=&#8221;#3697D5&#8243; header_2_font_size=&#8221;45px&#8221;] Gstanzl und Musikantentreffen [\/et_pb_text][\/et_pb_column][\/et_pb_row][et_pb_row _builder_version=&#8221;4.9.0&#8243; _module_preset=&#8221;default&#8221;][et_pb_column type=&#8221;4_4&#8243; _builder_version=&#8221;4.9.0&#8243; _module_preset=&#8221;default&#8221;][et_pb_text _builder_version=&#8221;4.9.0&#8243; _module_preset=&#8221;default&#8221;] Auch bei vielen Gstanzl- und Musikantentreffen bin ich gern dabei.\u00a0 Bei einem Gstanzls\u00e4ngertreffen oder Gstanzl-Battle stehen gleich mehrere Gstanzls\u00e4nger auf der B\u00fchne, die dann sowohl einzeln als auch [&hellip;]<\/p>\n","protected":false},"author":1,"featured_media":0,"parent":0,"menu_order":0,"comment_status":"closed","ping_status":"closed","template":"","meta":{"_et_pb_use_builder":"on","_et_pb_old_content":"","_et_gb_content_width":"","footnotes":""},"class_list":["post-230243","page","type-page","status-publish","hentry"],"_hostinger_reach_plugin_has_subscription_block":false,"_hostinger_reach_plugin_is_elementor":false,"_links":{"self":[{"href":"https:\/\/gstanzlhermann.de\/index.php\/wp-json\/wp\/v2\/pages\/230243","targetHints":{"allow":["GET"]}}],"collection":[{"href":"https:\/\/gstanzlhermann.de\/index.php\/wp-json\/wp\/v2\/pages"}],"about":[{"href":"https:\/\/gstanzlhermann.de\/index.php\/wp-json\/wp\/v2\/types\/page"}],"author":[{"embeddable":true,"href":"https:\/\/gstanzlhermann.de\/index.php\/wp-json\/wp\/v2\/users\/1"}],"replies":[{"embeddable":true,"href":"https:\/\/gstanzlhermann.de\/index.php\/wp-json\/wp\/v2\/comments?post=230243"}],"version-history":[{"count":0,"href":"https:\/\/gstanzlhermann.de\/index.php\/wp-json\/wp\/v2\/pages\/230243\/revisions"}],"wp:attachment":[{"href":"https:\/\/gstanzlhermann.de\/index.php\/wp-json\/wp\/v2\/media?parent=230243"}],"curies":[{"name":"wp","href":"https:\/\/api.w.org\/{rel}","templated":true}]}}