{"id":229937,"date":"2021-03-04T12:10:12","date_gmt":"2021-03-04T12:10:12","guid":{"rendered":"http:\/\/gstanzlhermann.de\/?page_id=229937"},"modified":"2021-05-18T10:02:37","modified_gmt":"2021-05-18T10:02:37","slug":"hochzeitslader","status":"publish","type":"page","link":"https:\/\/gstanzlhermann.de\/index.php\/hochzeitslader\/","title":{"rendered":"Hochzeitslader"},"content":{"rendered":"<p>[et_pb_section fb_built=&#8221;1&#8243; admin_label=&#8221;Post Body&#8221; _builder_version=&#8221;4.4.3&#8243; custom_padding=&#8221;4px|||||&#8221; locked=&#8221;off&#8221;][et_pb_row _builder_version=&#8221;4.0.1&#8243; custom_padding=&#8221;||0px|||&#8221; locked=&#8221;off&#8221;][et_pb_column type=&#8221;4_4&#8243; _builder_version=&#8221;3.25&#8243; custom_padding=&#8221;|||&#8221; custom_padding__hover=&#8221;|||&#8221;][et_pb_text _builder_version=&#8221;4.9.0&#8243; header_font=&#8221;|700|||||||&#8221; header_2_font=&#8221;|700|||||||&#8221; header_2_text_align=&#8221;left&#8221; header_2_text_color=&#8221;#28a8da&#8221; header_2_font_size=&#8221;45px&#8221; header_2_line_height=&#8221;1.2em&#8221; custom_margin_tablet=&#8221;&#8221; custom_margin_phone=&#8221;||-34px||false|false&#8221; custom_margin_last_edited=&#8221;on|desktop&#8221; custom_padding=&#8221;||0px||false|false&#8221; header_2_font_size_tablet=&#8221;42px&#8221; header_2_font_size_phone=&#8221;28px&#8221; header_2_font_size_last_edited=&#8221;on|phone&#8221; text_text_align=&#8221;justify&#8221; header_2_2_font_size_tablet=&#8221;42px&#8221; header_3_2_font_size_tablet=&#8221;42px&#8221; header_4_2_font_size_tablet=&#8221;42px&#8221; header_5_2_font_size_tablet=&#8221;42px&#8221; header_6_2_font_size_tablet=&#8221;42px&#8221; header_2_2_font_size_phone=&#8221;34px&#8221; header_3_2_font_size_phone=&#8221;34px&#8221; header_4_2_font_size_phone=&#8221;34px&#8221; header_5_2_font_size_phone=&#8221;34px&#8221; header_6_2_font_size_phone=&#8221;34px&#8221; header_2_2_font_size_last_edited=&#8221;on|tablet&#8221; header_3_2_font_size_last_edited=&#8221;on|tablet&#8221; header_4_2_font_size_last_edited=&#8221;on|tablet&#8221; header_5_2_font_size_last_edited=&#8221;on|tablet&#8221; header_6_2_font_size_last_edited=&#8221;on|tablet&#8221; header_2_3_font_size_tablet=&#8221;34px&#8221; header_3_3_font_size_tablet=&#8221;34px&#8221; header_4_3_font_size_tablet=&#8221;34px&#8221; header_5_3_font_size_tablet=&#8221;34px&#8221; header_6_3_font_size_tablet=&#8221;34px&#8221; header_2_3_font_size_phone=&#8221;28px&#8221; header_3_3_font_size_phone=&#8221;28px&#8221; header_4_3_font_size_phone=&#8221;28px&#8221; header_5_3_font_size_phone=&#8221;28px&#8221; header_6_3_font_size_phone=&#8221;28px&#8221; header_2_3_font_size_last_edited=&#8221;on|phone&#8221; header_3_3_font_size_last_edited=&#8221;on|phone&#8221; header_4_3_font_size_last_edited=&#8221;on|phone&#8221; header_5_3_font_size_last_edited=&#8221;on|phone&#8221; header_6_3_font_size_last_edited=&#8221;on|phone&#8221; header_2_4_font_size_tablet=&#8221;22px&#8221; header_3_4_font_size_tablet=&#8221;22px&#8221; header_4_4_font_size_tablet=&#8221;22px&#8221; header_5_4_font_size_tablet=&#8221;22px&#8221; header_6_4_font_size_tablet=&#8221;22px&#8221; header_2_4_font_size_phone=&#8221;18px&#8221; header_3_4_font_size_phone=&#8221;18px&#8221; header_4_4_font_size_phone=&#8221;18px&#8221; header_5_4_font_size_phone=&#8221;18px&#8221; header_6_4_font_size_phone=&#8221;18px&#8221; header_2_4_font_size_last_edited=&#8221;on|phone&#8221; header_3_4_font_size_last_edited=&#8221;on|phone&#8221; header_4_4_font_size_last_edited=&#8221;on|phone&#8221; header_5_4_font_size_last_edited=&#8221;on|phone&#8221; header_6_4_font_size_last_edited=&#8221;on|phone&#8221; header_2_5_font_size_phone=&#8221;16px&#8221; header_3_5_font_size_phone=&#8221;16px&#8221; header_4_5_font_size_phone=&#8221;16px&#8221; header_5_5_font_size_phone=&#8221;16px&#8221; header_6_5_font_size_phone=&#8221;16px&#8221; header_2_5_font_size_last_edited=&#8221;on|tablet&#8221; header_3_5_font_size_last_edited=&#8221;on|tablet&#8221; header_4_5_font_size_last_edited=&#8221;on|tablet&#8221; header_5_5_font_size_last_edited=&#8221;on|tablet&#8221; header_6_5_font_size_last_edited=&#8221;on|tablet&#8221;]<\/p>\n<h2>Welche Aufgaben hat ein Hochzeitslader?<\/h2>\n<p>[\/et_pb_text][\/et_pb_column][\/et_pb_row][\/et_pb_section][et_pb_section fb_built=&#8221;1&#8243; admin_label=&#8221;Post Body&#8221; _builder_version=&#8221;4.3.4&#8243; custom_margin=&#8221;-77px|||||&#8221; locked=&#8221;off&#8221;][et_pb_row column_structure=&#8221;1_2,1_2&#8243; _builder_version=&#8221;4.9.0&#8243; _module_preset=&#8221;default&#8221;][et_pb_column type=&#8221;1_2&#8243; _builder_version=&#8221;4.9.0&#8243; _module_preset=&#8221;default&#8221;][et_pb_text _builder_version=&#8221;4.9.0&#8243; _module_preset=&#8221;default&#8221;]<\/p>\n<p>Ein Hochzeitslader sorgt daf\u00fcr, dass die Hochzeit ganz nach den W\u00fcnschen und Vorstellungen des Brautpaares abl\u00e4uft und die Brautleute ihren Traumtag ohne Stress genie\u00dfen k\u00f6nnen.<\/p>\n<p>Er bespricht und plant mit dem Brautpaar zusammen den Hochzeitstag und k\u00fcmmert sich um alles, damit dieser Tag der sch\u00f6nste im Leben der Brautleute wird.<\/p>\n<p>Das Zeichen des Hochzeitsladers ist sein geschnitzter Stock mit verschiedenfarbigen B\u00e4ndern, die die Treue, Liebe, Hoffnung und Jungfr\u00e4ulichkeit symbolisieren. Er wird mitunter auch als Zeremonienmeister bezeichnet, der mit seinem Stock den Takt vorgibt.<\/p>\n<p>Fr\u00fcher war eine seiner Hauptaufgaben das Einladen der G\u00e4ste.\u00a0 Heute ist er in erster Linie f\u00fcr einen geregelten und feierlichen Ablauf sowie f\u00fcr Tradition und gute Unterhaltung zust\u00e4ndig.<\/p>\n<p>[\/et_pb_text][\/et_pb_column][et_pb_column type=&#8221;1_2&#8243; _builder_version=&#8221;4.9.0&#8243; _module_preset=&#8221;default&#8221;][et_pb_image src=&#8221;https:\/\/gstanzlhermann.de\/wp-content\/uploads\/2021\/03\/Propstei_Paring-00396-20160528-00416.jpg&#8221; alt=&#8221;Hochzeitslader Stock&#8221; title_text=&#8221;Hochzeitslader Stock&#8221; _builder_version=&#8221;4.9.0&#8243; _module_preset=&#8221;default&#8221; custom_margin_tablet=&#8221;&#8221; custom_margin_phone=&#8221;||1px||false|false&#8221; custom_margin_last_edited=&#8221;on|phone&#8221;][\/et_pb_image][et_pb_text _builder_version=&#8221;4.9.0&#8243; _module_preset=&#8221;default&#8221; custom_padding=&#8221;16px|||||&#8221;]<\/p>\n<p>Der bayerische Hochzeitslader besticht durch sein Wissen \u00fcber die einzelnen, regional unterschiedlichen Br\u00e4uche und Traditionen. Aber auch durch seine Spontanit\u00e4t und durch seine z\u00fcnftigen Gstanzl \u00fcber die Hochzeitsgesellschaft.<\/p>\n<p>[\/et_pb_text][\/et_pb_column][\/et_pb_row][et_pb_row _builder_version=&#8221;4.9.0&#8243; _module_preset=&#8221;default&#8221; custom_margin=&#8221;-32px|auto||auto||&#8221; custom_padding=&#8221;||0px|||&#8221;][et_pb_column type=&#8221;4_4&#8243; _builder_version=&#8221;4.9.0&#8243; _module_preset=&#8221;default&#8221;][et_pb_divider _builder_version=&#8221;4.9.0&#8243; _module_preset=&#8221;default&#8221;][\/et_pb_divider][\/et_pb_column][\/et_pb_row][et_pb_row column_structure=&#8221;1_2,1_2&#8243; _builder_version=&#8221;4.9.0&#8243; _module_preset=&#8221;default&#8221; custom_margin=&#8221;-19px|auto||auto||&#8221;][et_pb_column type=&#8221;1_2&#8243; _builder_version=&#8221;4.9.0&#8243; _module_preset=&#8221;default&#8221;][et_pb_text _builder_version=&#8221;4.9.0&#8243; _module_preset=&#8221;default&#8221;]<\/p>\n<p>Dabei ist ein Hochzeitslader nicht nur f\u00fcr Unterhaltung und f\u00fcr gute Stimmung zust\u00e4ndig, sondern auch f\u00fcr viele weitere Aufgaben.<\/p>\n<p>Er begr\u00fc\u00dft die G\u00e4ste bei der Kirche oder im Hochzeitslokal, stellt den Hochzeitszug zusammen, informiert die G\u00e4ste \u00fcber den geplanten Ablauf des Hochzeitstages, k\u00fcmmert sich um die Sitzordnung, organisiert den Ablauf des Hochzeitsmahls, kassiert ev.Mahlgeld, managt Gruppenfotos, G\u00e4steb\u00fccher und Einlagen sowie die Ehrent\u00e4nze \u00a0und das Anschneiden der Hochzeitstorte.<\/p>\n<p>Er bedankt sich beim sogenannten \u201eSchenken\u201c im Namen der Jungverm\u00e4hlten bei allen G\u00e4sten mit z\u00fcnftigen Gstanzln verschiedener Melodien und bringt dabei so manche lustige Begebenheit in Reimform zu Geh\u00f6r.<\/p>\n<p>[\/et_pb_text][\/et_pb_column][et_pb_column type=&#8221;1_2&#8243; _builder_version=&#8221;4.9.0&#8243; _module_preset=&#8221;default&#8221;][et_pb_image src=&#8221;https:\/\/gstanzlhermann.de\/wp-content\/uploads\/2021\/03\/IMG_4100-scaled.jpg&#8221; alt=&#8221;Hermann Fleischmann Hochzeitslader Trauung&#8221; title_text=&#8221;Hermann Fleischmann Hochzeitslader Trauung&#8221; _builder_version=&#8221;4.9.0&#8243; _module_preset=&#8221;default&#8221;][\/et_pb_image][\/et_pb_column][\/et_pb_row][et_pb_row _builder_version=&#8221;4.9.0&#8243; _module_preset=&#8221;default&#8221; custom_margin=&#8221;-16px|auto||auto||&#8221; custom_padding=&#8221;11px||4px|||&#8221;][et_pb_column type=&#8221;4_4&#8243; _builder_version=&#8221;4.9.0&#8243; _module_preset=&#8221;default&#8221;][et_pb_divider _builder_version=&#8221;4.9.0&#8243; _module_preset=&#8221;default&#8221; min_height=&#8221;12px&#8221; custom_padding=&#8221;||0px|||&#8221;][\/et_pb_divider][\/et_pb_column][\/et_pb_row][et_pb_row column_structure=&#8221;1_2,1_2&#8243; _builder_version=&#8221;4.9.0&#8243; _module_preset=&#8221;default&#8221; custom_margin_tablet=&#8221;&#8221; custom_margin_phone=&#8221;-35px||||false|false&#8221; custom_margin_last_edited=&#8221;on|phone&#8221;][et_pb_column type=&#8221;1_2&#8243; _builder_version=&#8221;4.9.0&#8243; _module_preset=&#8221;default&#8221;][et_pb_text _builder_version=&#8221;4.9.0&#8243; _module_preset=&#8221;default&#8221; custom_margin=&#8221;0px|||||&#8221;]<\/p>\n<p>Zu den H\u00f6hepunkten einer Hochzeit z\u00e4hlt nat\u00fcrlich das Brautstehlen (Brautverziehen oder zum Wein gehen). Hier sorgt der Hochzeitslader zusammen mit der Hochzeitsband f\u00fcr super Stimmung. Auch unterhaltsame Einlagen sollen dabei nicht zu kurz kommen.<\/p>\n<p>Der Hochzeitslader ist Organisator, Vermittler und Sprachrohr zwischen Brautpaar, Musik und Hochzeitsg\u00e4sten. Er f\u00fchrt sozusagen die Regie rund um die Hochzeit.<\/p>\n<p>Auf Wunsch ist der Hochzeitslader auch beim Einladen der Familie und den n\u00e4chsten Verwandten dabei, indem er mit der Kreide einen Hochzeitsstrau\u00df an die T\u00fcr malt und seinen Einladespruch aufsagt.<\/p>\n<p>Das Abholen der Braut mit Elternsegen ist ein unvergesslicher Moment am Beginn des Hochzeitstages.<\/p>\n<p>Der Hochzeitslader h\u00e4lt am Hochzeitstag den Stress vom Brautpaar fern und gestaltet und organisiert einen stilvollen sowie unvergesslichen Tag, damit das Brautpaar sagen kann:<\/p>\n<p>&nbsp;<\/p>\n<h3><span>\u201eDas war der sch\u00f6nste Tag in unserem Leben\u201c<\/span><\/h3>\n<p>[\/et_pb_text][\/et_pb_column][et_pb_column type=&#8221;1_2&#8243; _builder_version=&#8221;4.9.0&#8243; _module_preset=&#8221;default&#8221;][et_pb_image src=&#8221;https:\/\/gstanzlhermann.de\/wp-content\/uploads\/2021\/05\/Hochzeitspaar_Hochzeitslader-Fleischmann.png&#8221; alt=&#8221;Hochzeitspaar_Kirche&#8221; title_text=&#8221;Hochzeitspaar_KircheFleischmann&#8221; _builder_version=&#8221;4.9.0&#8243; _module_preset=&#8221;default&#8221; hover_enabled=&#8221;0&#8243; sticky_enabled=&#8221;0&#8243;][\/et_pb_image][et_pb_image src=&#8221;https:\/\/gstanzlhermann.de\/wp-content\/uploads\/2021\/05\/Hochzeitslader-Fleischmann_Bild_11.png&#8221; alt=&#8221;Hermann Fleischmann Hochzeitslader Hochzeits Feier&#8221; title_text=&#8221;Hochzeitslader Fleischmann_Bild_11&#8243; _builder_version=&#8221;4.9.0&#8243; _module_preset=&#8221;default&#8221; hover_enabled=&#8221;0&#8243; sticky_enabled=&#8221;0&#8243;][\/et_pb_image][\/et_pb_column][\/et_pb_row][\/et_pb_section]<\/p>\n","protected":false},"excerpt":{"rendered":"<p>[et_pb_section fb_built=&#8221;1&#8243; admin_label=&#8221;Post Body&#8221; _builder_version=&#8221;4.4.3&#8243; custom_padding=&#8221;4px|||||&#8221; locked=&#8221;off&#8221;][et_pb_row _builder_version=&#8221;4.0.1&#8243; custom_padding=&#8221;||0px|||&#8221; locked=&#8221;off&#8221;][et_pb_column type=&#8221;4_4&#8243; _builder_version=&#8221;3.25&#8243; custom_padding=&#8221;|||&#8221; custom_padding__hover=&#8221;|||&#8221;][et_pb_text _builder_version=&#8221;4.9.0&#8243; header_font=&#8221;|700|||||||&#8221; header_2_font=&#8221;|700|||||||&#8221; header_2_text_align=&#8221;left&#8221; header_2_text_color=&#8221;#28a8da&#8221; header_2_font_size=&#8221;45px&#8221; header_2_line_height=&#8221;1.2em&#8221; custom_margin_tablet=&#8221;&#8221; custom_margin_phone=&#8221;||-34px||false|false&#8221; custom_margin_last_edited=&#8221;on|desktop&#8221; custom_padding=&#8221;||0px||false|false&#8221; header_2_font_size_tablet=&#8221;42px&#8221; header_2_font_size_phone=&#8221;28px&#8221; header_2_font_size_last_edited=&#8221;on|phone&#8221; text_text_align=&#8221;justify&#8221; header_2_2_font_size_tablet=&#8221;42px&#8221; header_3_2_font_size_tablet=&#8221;42px&#8221; header_4_2_font_size_tablet=&#8221;42px&#8221; header_5_2_font_size_tablet=&#8221;42px&#8221; header_6_2_font_size_tablet=&#8221;42px&#8221; header_2_2_font_size_phone=&#8221;34px&#8221; header_3_2_font_size_phone=&#8221;34px&#8221; header_4_2_font_size_phone=&#8221;34px&#8221; header_5_2_font_size_phone=&#8221;34px&#8221; header_6_2_font_size_phone=&#8221;34px&#8221; header_2_2_font_size_last_edited=&#8221;on|tablet&#8221; header_3_2_font_size_last_edited=&#8221;on|tablet&#8221; header_4_2_font_size_last_edited=&#8221;on|tablet&#8221; header_5_2_font_size_last_edited=&#8221;on|tablet&#8221; header_6_2_font_size_last_edited=&#8221;on|tablet&#8221; header_2_3_font_size_tablet=&#8221;34px&#8221; header_3_3_font_size_tablet=&#8221;34px&#8221; header_4_3_font_size_tablet=&#8221;34px&#8221; header_5_3_font_size_tablet=&#8221;34px&#8221; header_6_3_font_size_tablet=&#8221;34px&#8221; header_2_3_font_size_phone=&#8221;28px&#8221; header_3_3_font_size_phone=&#8221;28px&#8221; header_4_3_font_size_phone=&#8221;28px&#8221; header_5_3_font_size_phone=&#8221;28px&#8221; header_6_3_font_size_phone=&#8221;28px&#8221; header_2_3_font_size_last_edited=&#8221;on|phone&#8221; [&hellip;]<\/p>\n","protected":false},"author":1,"featured_media":0,"parent":0,"menu_order":0,"comment_status":"closed","ping_status":"closed","template":"","meta":{"_et_pb_use_builder":"on","_et_pb_old_content":"","_et_gb_content_width":"","footnotes":""},"class_list":["post-229937","page","type-page","status-publish","hentry"],"_hostinger_reach_plugin_has_subscription_block":false,"_hostinger_reach_plugin_is_elementor":false,"_links":{"self":[{"href":"https:\/\/gstanzlhermann.de\/index.php\/wp-json\/wp\/v2\/pages\/229937","targetHints":{"allow":["GET"]}}],"collection":[{"href":"https:\/\/gstanzlhermann.de\/index.php\/wp-json\/wp\/v2\/pages"}],"about":[{"href":"https:\/\/gstanzlhermann.de\/index.php\/wp-json\/wp\/v2\/types\/page"}],"author":[{"embeddable":true,"href":"https:\/\/gstanzlhermann.de\/index.php\/wp-json\/wp\/v2\/users\/1"}],"replies":[{"embeddable":true,"href":"https:\/\/gstanzlhermann.de\/index.php\/wp-json\/wp\/v2\/comments?post=229937"}],"version-history":[{"count":0,"href":"https:\/\/gstanzlhermann.de\/index.php\/wp-json\/wp\/v2\/pages\/229937\/revisions"}],"wp:attachment":[{"href":"https:\/\/gstanzlhermann.de\/index.php\/wp-json\/wp\/v2\/media?parent=229937"}],"curies":[{"name":"wp","href":"https:\/\/api.w.org\/{rel}","templated":true}]}}